{"id":1246,"date":"2022-03-10T13:26:49","date_gmt":"2022-03-10T13:26:49","guid":{"rendered":"http:\/\/houselogy.es\/?page_id=1246"},"modified":"2022-05-03T12:31:34","modified_gmt":"2022-05-03T12:31:34","slug":"servicio-ameneties","status":"publish","type":"page","link":"https:\/\/houselogy.es\/index.php\/servicios-de-gestion\/servicio-ameneties\/","title":{"rendered":"Servicio Ameneties"},"content":{"rendered":"\n<div class=\"wp-block-cover is-light\"><span aria-hidden=\"true\" class=\"has-background-dim-20 wp-block-cover__gradient-background has-background-dim\"><\/span><img loading=\"lazy\" decoding=\"async\" width=\"770\" height=\"483\" class=\"wp-block-cover__image-background wp-image-1247\" alt=\"\" src=\"https:\/\/houselogy.es\/wp-content\/uploads\/2022\/03\/servicio-ameneties.jpg\" data-object-fit=\"cover\" srcset=\"https:\/\/houselogy.es\/wp-content\/uploads\/2022\/03\/servicio-ameneties.jpg 770w, https:\/\/houselogy.es\/wp-content\/uploads\/2022\/03\/servicio-ameneties-300x188.jpg 300w, https:\/\/houselogy.es\/wp-content\/uploads\/2022\/03\/servicio-ameneties-768x482.jpg 768w\" sizes=\"auto, (max-width: 770px) 100vw, 770px\" \/><div class=\"wp-block-cover__inner-container is-layout-flow wp-block-cover-is-layout-flow\">\n<h2 class=\"has-text-align-center has-nv-site-bg-color has-text-color wp-block-heading\">Servicios de ameneties<\/h2>\n<\/div><\/div>\n\n\n\n<div style=\"height:100px\" aria-hidden=\"true\" class=\"wp-block-spacer\"><\/div>\n\n\n\n<div class=\"wp-block-columns is-layout-flex wp-container-core-columns-is-layout-9d6595d7 wp-block-columns-is-layout-flex\">\n<div class=\"wp-block-column is-layout-flow wp-block-column-is-layout-flow\" style=\"flex-basis:66.66%\">\n<p>Todos los hu\u00e9spedes se reciben con un kit de ameneties al llegar su casa o apartamento. Los detalles cuentan mucho para un hu\u00e9sped recien llegado, despu\u00e9s de un viaje. Recibimos todos los hu\u00e9spedes con una botella de agua fresca, una botella de vino local, ameneties de cocina como los ameneties de los ba\u00f1os.<\/p>\n\n\n\n<p>En las casas como en los apartamentos turisticos los huespedes disponen de productos de limpieza basicos, productos de la lavadora y lavaplatos y como papel de ba\u00f1o.<\/p>\n\n\n\n<p><\/p>\n\n\n\n<p><\/p>\n<\/div>\n\n\n\n<div class=\"wp-block-column is-layout-flow wp-block-column-is-layout-flow\" style=\"flex-basis:33.33%\">\n<div class=\"wp-block-cover\"><span aria-hidden=\"true\" class=\"has-background-dim-100 wp-block-cover__gradient-background has-background-dim\" style=\"background-color:#6f6f6f\"><\/span><div class=\"wp-block-cover__inner-container is-layout-flow wp-block-cover-is-layout-flow\">\n<p class=\"has-text-align-center has-text-color\" style=\"color:#323232\">nosotros nos encargamos<\/p>\n\n\n\n<p class=\"has-text-align-center has-large-font-size\">Gratuito<\/p>\n\n\n\n<p class=\"has-text-align-center has-text-color\" style=\"color:#323232\">Todos los productos de bienvenida est\u00e1n incluida en Gesti\u00f3n Basic como Advance<\/p>\n<\/div><\/div>\n<\/div>\n<\/div>\n\n\n\n<div style=\"height:100px\" aria-hidden=\"true\" class=\"wp-block-spacer\"><\/div>\n\n\n\n<div class=\"wp-block-cover alignfull\"><span aria-hidden=\"true\" class=\"has-nv-light-bg-background-color has-background-dim-100 wp-block-cover__gradient-background has-background-dim\"><\/span><div class=\"wp-block-cover__inner-container is-layout-flow wp-block-cover-is-layout-flow\">\n<div style=\"height:59px\" aria-hidden=\"true\" class=\"wp-block-spacer\"><\/div>\n\n\n\n<div class=\"wp-block-columns is-layout-flex wp-container-core-columns-is-layout-9d6595d7 wp-block-columns-is-layout-flex\">\n<div class=\"wp-block-column is-layout-flow wp-block-column-is-layout-flow\" style=\"flex-basis:100%\">\n<div class=\"wp-block-columns is-layout-flex wp-container-core-columns-is-layout-9d6595d7 wp-block-columns-is-layout-flex\">\n<div class=\"wp-block-column is-layout-flow wp-block-column-is-layout-flow\" style=\"flex-basis:100%\">\n<h2 class=\"has-text-align-center wp-block-heading\">Que incluye?<\/h2>\n<\/div>\n<\/div>\n<\/div>\n<\/div>\n\n\n\n<div style=\"height:59px\" aria-hidden=\"true\" class=\"wp-block-spacer\"><\/div>\n\n\n\n<div class=\"wp-block-columns is-layout-flex wp-container-core-columns-is-layout-9d6595d7 wp-block-columns-is-layout-flex\">\n<div class=\"wp-block-column is-layout-flow wp-block-column-is-layout-flow\">\n<div class=\"wp-block-image\"><figure class=\"aligncenter size-full\"><img loading=\"lazy\" decoding=\"async\" width=\"150\" height=\"150\" src=\"https:\/\/houselogy.es\/wp-content\/uploads\/2021\/10\/PRODUCTOS-DE-LIMPIEZA.png\" alt=\"\" class=\"wp-image-331\"\/><\/figure><\/div>\n\n\n\n<p class=\"has-text-align-center has-text-color\" style=\"color:#323232\">Ameneties Ba\u00f1o<\/p>\n<\/div>\n\n\n\n<div class=\"wp-block-column is-layout-flow wp-block-column-is-layout-flow\">\n<div class=\"wp-block-image\"><figure class=\"aligncenter size-full\"><img loading=\"lazy\" decoding=\"async\" width=\"151\" height=\"149\" src=\"https:\/\/houselogy.es\/wp-content\/uploads\/2022\/03\/path833.png\" alt=\"\" class=\"wp-image-1249\"\/><\/figure><\/div>\n\n\n\n<p class=\"has-text-align-center has-text-color\" style=\"color:#323232\">Botellas bienvenida<\/p>\n<\/div>\n\n\n\n<div class=\"wp-block-column is-layout-flow wp-block-column-is-layout-flow\">\n<div class=\"wp-block-image\"><figure class=\"aligncenter size-full\"><img loading=\"lazy\" decoding=\"async\" width=\"150\" height=\"150\" src=\"https:\/\/houselogy.es\/wp-content\/uploads\/2021\/10\/detergente-para-apartamentos-turisticos.png\" alt=\"\" class=\"wp-image-321\"\/><\/figure><\/div>\n\n\n\n<p class=\"has-text-align-center has-text-color\" style=\"color:#323232\">Ameneties cocina<\/p>\n<\/div>\n\n\n\n<div class=\"wp-block-column is-layout-flow wp-block-column-is-layout-flow\">\n<div class=\"wp-block-image\"><figure class=\"aligncenter size-full\"><img loading=\"lazy\" decoding=\"async\" width=\"150\" height=\"150\" src=\"https:\/\/houselogy.es\/wp-content\/uploads\/2021\/11\/LAVANDERIA-APARTAMENTOS.png\" alt=\"\" class=\"wp-image-787\" srcset=\"https:\/\/houselogy.es\/wp-content\/uploads\/2021\/11\/LAVANDERIA-APARTAMENTOS.png 150w, https:\/\/houselogy.es\/wp-content\/uploads\/2021\/11\/LAVANDERIA-APARTAMENTOS-120x120.png 120w\" sizes=\"auto, (max-width: 150px) 100vw, 150px\" \/><\/figure><\/div>\n\n\n\n<p class=\"has-text-color\" style=\"color:#323232\">Productos Lavadora y platos<\/p>\n<\/div>\n<\/div>\n\n\n\n<div style=\"height:100px\" aria-hidden=\"true\" class=\"wp-block-spacer\"><\/div>\n<\/div><\/div>\n\n\n\n<div class=\"wp-block-cover alignfull\" style=\"min-height:600px;aspect-ratio:unset;\"><span aria-hidden=\"true\" class=\"has-nv-dark-bg-background-color has-background-dim-100 wp-block-cover__gradient-background has-background-dim\"><\/span><div class=\"wp-block-cover__inner-container is-layout-flow wp-block-cover-is-layout-flow\">\n<div class=\"wp-block-group\"><div class=\"wp-block-group__inner-container is-layout-flow wp-block-group-is-layout-flow\">\n<div style=\"height:113px\" aria-hidden=\"true\" class=\"wp-block-spacer\"><\/div>\n\n\n\n<div class=\"wp-block-columns are-vertically-aligned-center is-layout-flex wp-container-core-columns-is-layout-9d6595d7 wp-block-columns-is-layout-flex\">\n<div class=\"wp-block-column is-vertically-aligned-center is-layout-flow wp-block-column-is-layout-flow\" style=\"flex-basis:50%\">\n<h2 class=\"has-text-color wp-block-heading\" style=\"color:#989595\">Aument\u00e1remos sus reservas.<\/h2>\n\n\n\n<p class=\"has-nv-text-dark-bg-color has-text-color\">Les ayudamos con tecnicas basicas desde Decoracion o simplificacion para aumentar su nivel de reservas como mejorar sus comentarios igual a disminiur sus gastos. Cada detalle al detalle. Tenemos 10 a\u00f1os de experencia. <\/p>\n\n\n\n<div style=\"height:20px\" aria-hidden=\"true\" class=\"wp-block-spacer\"><\/div>\n\n\n\n<div class=\"wp-block-buttons is-horizontal is-content-justification-center is-layout-flex wp-container-core-buttons-is-layout-499968f5 wp-block-buttons-is-layout-flex\">\n<div class=\"wp-block-button is-style-default\"><a class=\"wp-block-button__link has-background\" href=\"https:\/\/houselogy.es\/index.php\/contact\/\" style=\"background-color:#58bb9f\" target=\"_blank\" rel=\"noreferrer noopener\">Hablemos<\/a><\/div>\n<\/div>\n\n\n\n<div style=\"height:20px\" aria-hidden=\"true\" class=\"wp-block-spacer\"><\/div>\n<\/div>\n\n\n\n<div class=\"wp-block-column is-vertically-aligned-center is-layout-flow wp-block-column-is-layout-flow\" style=\"flex-basis:50%\">\n<figure class=\"wp-block-image size-large\"><img loading=\"lazy\" decoding=\"async\" width=\"1024\" height=\"575\" src=\"https:\/\/houselogy.es\/wp-content\/uploads\/2021\/11\/MG_4546-1024x575.jpg\" alt=\"\" class=\"wp-image-697\" srcset=\"https:\/\/houselogy.es\/wp-content\/uploads\/2021\/11\/MG_4546-1024x575.jpg 1024w, https:\/\/houselogy.es\/wp-content\/uploads\/2021\/11\/MG_4546-300x168.jpg 300w, https:\/\/houselogy.es\/wp-content\/uploads\/2021\/11\/MG_4546-768x431.jpg 768w, https:\/\/houselogy.es\/wp-content\/uploads\/2021\/11\/MG_4546-1536x862.jpg 1536w, https:\/\/houselogy.es\/wp-content\/uploads\/2021\/11\/MG_4546-2048x1150.jpg 2048w\" sizes=\"auto, (max-width: 1024px) 100vw, 1024px\" \/><\/figure>\n<\/div>\n<\/div>\n\n\n\n<div style=\"height:40px\" aria-hidden=\"true\" class=\"wp-block-spacer\"><\/div>\n<\/div><\/div>\n<\/div><\/div>\n\n\n\n<div class=\"wp-block-cover alignfull\"><span aria-hidden=\"true\" class=\"has-neve-text-color-background-color has-background-dim-100 wp-block-cover__gradient-background has-background-dim\"><\/span><div class=\"wp-block-cover__inner-container is-layout-flow wp-block-cover-is-layout-flow\">\n<div style=\"height:10px\" aria-hidden=\"true\" class=\"wp-block-spacer\"><\/div>\n\n\n\n<div style=\"height:100px\" aria-hidden=\"true\" class=\"wp-block-spacer\"><\/div>\n\n\n\n<div style=\"height:100px\" aria-hidden=\"true\" class=\"wp-block-spacer\"><\/div>\n\n\n\n<div class=\"wp-block-columns is-layout-flex wp-container-core-columns-is-layout-9d6595d7 wp-block-columns-is-layout-flex\">\n<div class=\"wp-block-column is-layout-flow wp-block-column-is-layout-flow\">\n<div class=\"wp-block-image\"><figure class=\"aligncenter size-full\"><img loading=\"lazy\" decoding=\"async\" width=\"59\" height=\"49\" src=\"https:\/\/houselogy.es\/wp-content\/uploads\/2022\/02\/icono-location.png\" alt=\"\" class=\"wp-image-989\"\/><\/figure><\/div>\n\n\n\n<h2 class=\"has-text-align-center has-nv-light-bg-color has-text-color wp-block-heading\">Houselogy<\/h2>\n\n\n\n<p class=\"has-text-color\" style=\"color:#6f6f6f\">Houselogy es una empresa de servicios dedicados a la gesti\u00f3n integral de casas, pisos y apartamentos tur\u00edsticos en Marbella y alrededores. Gestionamos el alquiler vacional de Airbnb, Booking.com, Tripadvisor, Homeaway\u2026<\/p>\n<\/div>\n\n\n\n<div class=\"wp-block-column is-vertically-aligned-top is-layout-flow wp-block-column-is-layout-flow\">\n<h4 class=\"has-text-align-left has-text-color wp-block-heading\" style=\"color:#6f6f6f\">SERVICIOS<\/h4>\n\n\n\n<ul class=\"has-nv-site-bg-color has-text-color has-small-font-size wp-block-list\"><li>Gesti\u00f3n alquiler turistico<\/li><li>Gesti\u00f3n online alquiler <\/li><li>Servicio de limpiezas<\/li><li>Servicio de lavanderia<\/li><li>Servicio de mantenimientos<\/li><li>Jardeneria \/ Piscinas<\/li><li>Seguros de alquileres turisticos<\/li><\/ul>\n\n\n\n<div style=\"height:24px\" aria-hidden=\"true\" class=\"wp-block-spacer\"><\/div>\n\n\n\n<h4 class=\"has-text-color wp-block-heading\" style=\"color:#6f6f6f\">SOBRE NOSOTROS<\/h4>\n\n\n\n<ul class=\"has-nv-site-bg-color has-text-color has-small-font-size wp-block-list\"><li>Aviso legal, Condiciones generales contrataci\u00f3n y Politica de cookies.<\/li><\/ul>\n\n\n\n<div style=\"height:24px\" aria-hidden=\"true\" class=\"wp-block-spacer\"><\/div>\n\n\n\n<h4 class=\"has-text-color wp-block-heading\" style=\"color:#6f6f6f\">Reservas<\/h4>\n<\/div>\n\n\n\n<div class=\"wp-block-column is-vertically-aligned-top has-nv-light-bg-color has-text-color is-layout-flow wp-block-column-is-layout-flow\">\n<h4 class=\"has-text-color wp-block-heading\" style=\"color:#6f6f6f\">CONTACTO<\/h4>\n\n\n\n<div style=\"height:32px\" aria-hidden=\"true\" class=\"wp-block-spacer\"><\/div>\n\n\n\n<p><img loading=\"lazy\" decoding=\"async\" width=\"28\" height=\"18\" class=\"wp-image-974\" style=\"width: 28px;\" src=\"https:\/\/houselogy.es\/wp-content\/uploads\/2022\/02\/iconommini-tlf-1.png\" alt=\"\">   +34 644 466 655<\/p>\n\n\n\n<p><img loading=\"lazy\" decoding=\"async\" width=\"28\" height=\"18\" class=\"wp-image-972\" style=\"width: 28px;\" src=\"https:\/\/houselogy.es\/wp-content\/uploads\/2022\/02\/icono-mini-mail.png\" alt=\"\">   info@houselogy.es<\/p>\n\n\n\n<div style=\"height:40px\" aria-hidden=\"true\" class=\"wp-block-spacer\"><\/div>\n\n\n\n<div class=\"wp-block-image\"><figure class=\"aligncenter size-thumbnail is-resized\"><img loading=\"lazy\" decoding=\"async\" src=\"https:\/\/houselogy.es\/wp-content\/uploads\/2022\/02\/Logotipo_de_la_Junta_de_Andalucia.svg_-150x150.png\" alt=\"\" class=\"wp-image-1092\" width=\"75\" height=\"75\" srcset=\"https:\/\/houselogy.es\/wp-content\/uploads\/2022\/02\/Logotipo_de_la_Junta_de_Andalucia.svg_-150x150.png 150w, https:\/\/houselogy.es\/wp-content\/uploads\/2022\/02\/Logotipo_de_la_Junta_de_Andalucia.svg_-120x120.png 120w\" sizes=\"auto, (max-width: 75px) 100vw, 75px\" \/><\/figure><\/div>\n\n\n\n<div class=\"wp-block-image\"><figure class=\"aligncenter size-full\"><img loading=\"lazy\" decoding=\"async\" width=\"150\" height=\"56\" src=\"https:\/\/houselogy.es\/wp-content\/uploads\/2021\/10\/airbnb-logo-e1633594066166.png\" alt=\"\" class=\"wp-image-290\"\/><\/figure><\/div>\n<\/div>\n<\/div>\n\n\n\n<hr class=\"wp-block-separator is-style-wide\"\/>\n\n\n\n<div class=\"wp-block-columns is-layout-flex wp-container-core-columns-is-layout-9d6595d7 wp-block-columns-is-layout-flex\">\n<div class=\"wp-block-column is-layout-flow wp-block-column-is-layout-flow\">\n<h4 class=\"has-text-color wp-block-heading\" style=\"color:#6f6f6f\">RECOMENDADO POR <\/h4>\n\n\n\n<div class=\"wp-block-image\"><figure class=\"aligncenter size-full\"><img loading=\"lazy\" decoding=\"async\" width=\"150\" height=\"56\" src=\"https:\/\/houselogy.es\/wp-content\/uploads\/2021\/10\/tripadvisor-logo-e1633593992703.png\" alt=\"\" class=\"wp-image-304\"\/><\/figure><\/div>\n<\/div>\n\n\n\n<div class=\"wp-block-column is-layout-flow wp-block-column-is-layout-flow\">\n<h4 class=\"has-text-color wp-block-heading\" style=\"color:#6f6f6f\">PAGO SEGURO<\/h4>\n\n\n\n<div class=\"wp-block-image\"><figure class=\"aligncenter size-full is-resized\"><img loading=\"lazy\" decoding=\"async\" src=\"https:\/\/houselogy.es\/wp-content\/uploads\/2021\/11\/PayPal.png\" alt=\"\" class=\"wp-image-635\" width=\"128\" height=\"58\" srcset=\"https:\/\/houselogy.es\/wp-content\/uploads\/2021\/11\/PayPal.png 510w, https:\/\/houselogy.es\/wp-content\/uploads\/2021\/11\/PayPal-300x136.png 300w\" sizes=\"auto, (max-width: 128px) 100vw, 128px\" \/><\/figure><\/div>\n<\/div>\n\n\n\n<div class=\"wp-block-column is-layout-flow wp-block-column-is-layout-flow\">\n<h4 class=\"has-text-color wp-block-heading\" style=\"color:#6f6f6f\">ENCUENTRANOS <\/h4>\n\n\n\n<ul class=\"wp-block-social-links has-icon-color is-style-default is-content-justification-center is-layout-flex wp-container-core-social-links-is-layout-16018d1d wp-block-social-links-is-layout-flex\">\n\n\n\n<li style=\"color:var(--nv-site-bg);\" class=\"wp-social-link wp-social-link-instagram has-nv-site-bg-color wp-block-social-link\"><a rel=\"noopener nofollow\" target=\"_blank\" href=\"https:\/\/www.instagram.com\/houselogy.es\/?hl=es\" class=\"wp-block-social-link-anchor\"><svg width=\"24\" height=\"24\" viewBox=\"0 0 24 24\" version=\"1.1\" xmlns=\"http:\/\/www.w3.org\/2000\/svg\" aria-hidden=\"true\" focusable=\"false\"><path d=\"M12,4.622c2.403,0,2.688,0.009,3.637,0.052c0.877,0.04,1.354,0.187,1.671,0.31c0.42,0.163,0.72,0.358,1.035,0.673 c0.315,0.315,0.51,0.615,0.673,1.035c0.123,0.317,0.27,0.794,0.31,1.671c0.043,0.949,0.052,1.234,0.052,3.637 s-0.009,2.688-0.052,3.637c-0.04,0.877-0.187,1.354-0.31,1.671c-0.163,0.42-0.358,0.72-0.673,1.035 c-0.315,0.315-0.615,0.51-1.035,0.673c-0.317,0.123-0.794,0.27-1.671,0.31c-0.949,0.043-1.233,0.052-3.637,0.052 s-2.688-0.009-3.637-0.052c-0.877-0.04-1.354-0.187-1.671-0.31c-0.42-0.163-0.72-0.358-1.035-0.673 c-0.315-0.315-0.51-0.615-0.673-1.035c-0.123-0.317-0.27-0.794-0.31-1.671C4.631,14.688,4.622,14.403,4.622,12 s0.009-2.688,0.052-3.637c0.04-0.877,0.187-1.354,0.31-1.671c0.163-0.42,0.358-0.72,0.673-1.035 c0.315-0.315,0.615-0.51,1.035-0.673c0.317-0.123,0.794-0.27,1.671-0.31C9.312,4.631,9.597,4.622,12,4.622 M12,3 C9.556,3,9.249,3.01,8.289,3.054C7.331,3.098,6.677,3.25,6.105,3.472C5.513,3.702,5.011,4.01,4.511,4.511 c-0.5,0.5-0.808,1.002-1.038,1.594C3.25,6.677,3.098,7.331,3.054,8.289C3.01,9.249,3,9.556,3,12c0,2.444,0.01,2.751,0.054,3.711 c0.044,0.958,0.196,1.612,0.418,2.185c0.23,0.592,0.538,1.094,1.038,1.594c0.5,0.5,1.002,0.808,1.594,1.038 c0.572,0.222,1.227,0.375,2.185,0.418C9.249,20.99,9.556,21,12,21s2.751-0.01,3.711-0.054c0.958-0.044,1.612-0.196,2.185-0.418 c0.592-0.23,1.094-0.538,1.594-1.038c0.5-0.5,0.808-1.002,1.038-1.594c0.222-0.572,0.375-1.227,0.418-2.185 C20.99,14.751,21,14.444,21,12s-0.01-2.751-0.054-3.711c-0.044-0.958-0.196-1.612-0.418-2.185c-0.23-0.592-0.538-1.094-1.038-1.594 c-0.5-0.5-1.002-0.808-1.594-1.038c-0.572-0.222-1.227-0.375-2.185-0.418C14.751,3.01,14.444,3,12,3L12,3z M12,7.378 c-2.552,0-4.622,2.069-4.622,4.622S9.448,16.622,12,16.622s4.622-2.069,4.622-4.622S14.552,7.378,12,7.378z M12,15 c-1.657,0-3-1.343-3-3s1.343-3,3-3s3,1.343,3,3S13.657,15,12,15z M16.804,6.116c-0.596,0-1.08,0.484-1.08,1.08 s0.484,1.08,1.08,1.08c0.596,0,1.08-0.484,1.08-1.08S17.401,6.116,16.804,6.116z\"><\/path><\/svg><span class=\"wp-block-social-link-label screen-reader-text\">Instagram<\/span><\/a><\/li>\n\n<\/ul>\n<\/div>\n<\/div>\n\n\n\n<div style=\"height:100px\" aria-hidden=\"true\" class=\"wp-block-spacer\"><\/div>\n<\/div><\/div>\n","protected":false},"excerpt":{"rendered":"<p>Todos los hu\u00e9spedes se reciben con un kit de ameneties al llegar su casa o apartamento. Los detalles cuentan mucho para un hu\u00e9sped recien llegado, despu\u00e9s de un viaje. Recibimos todos los hu\u00e9spedes con una botella de agua fresca, una botella de vino local, ameneties de cocina como los ameneties de los ba\u00f1os. En las&#8230;<\/p>\n","protected":false},"author":1,"featured_media":0,"parent":7,"menu_order":0,"comment_status":"closed","ping_status":"closed","template":"","meta":{"_kadence_starter_templates_imported_post":false,"_kad_post_transparent":"","_kad_post_title":"","_kad_post_layout":"","_kad_post_sidebar_id":"","_kad_post_content_style":"","_kad_post_vertical_padding":"","_kad_post_feature":"","_kad_post_feature_position":"","_kad_post_header":false,"_kad_post_footer":false,"_kad_post_classname":"","footnotes":""},"class_list":["post-1246","page","type-page","status-publish","hentry"],"_links":{"self":[{"href":"https:\/\/houselogy.es\/index.php\/wp-json\/wp\/v2\/pages\/1246","targetHints":{"allow":["GET"]}}],"collection":[{"href":"https:\/\/houselogy.es\/index.php\/wp-json\/wp\/v2\/pages"}],"about":[{"href":"https:\/\/houselogy.es\/index.php\/wp-json\/wp\/v2\/types\/page"}],"author":[{"embeddable":true,"href":"https:\/\/houselogy.es\/index.php\/wp-json\/wp\/v2\/users\/1"}],"replies":[{"embeddable":true,"href":"https:\/\/houselogy.es\/index.php\/wp-json\/wp\/v2\/comments?post=1246"}],"version-history":[{"count":9,"href":"https:\/\/houselogy.es\/index.php\/wp-json\/wp\/v2\/pages\/1246\/revisions"}],"predecessor-version":[{"id":1332,"href":"https:\/\/houselogy.es\/index.php\/wp-json\/wp\/v2\/pages\/1246\/revisions\/1332"}],"up":[{"embeddable":true,"href":"https:\/\/houselogy.es\/index.php\/wp-json\/wp\/v2\/pages\/7"}],"wp:attachment":[{"href":"https:\/\/houselogy.es\/index.php\/wp-json\/wp\/v2\/media?parent=1246"}],"curies":[{"name":"wp","href":"https:\/\/api.w.org\/{rel}","templated":true}]}}